{"id":305,"date":"2015-09-29T09:02:24","date_gmt":"2015-09-29T07:02:24","guid":{"rendered":"http:\/\/yachtclub-sautelersiel.de\/?page_id=305"},"modified":"2025-10-23T12:45:59","modified_gmt":"2025-10-23T10:45:59","slug":"uber-uns","status":"publish","type":"page","link":"https:\/\/yachtclub-sautelersiel.de\/","title":{"rendered":"\u00dcber uns"},"content":{"rendered":"<h4 style=\"text-align: center;\"><span style=\"color: #800000;\"><strong><span style=\"color: #0000ff;\">Steganlage in Winterruhe bis 20. April!<\/span><\/strong><\/span><\/h4>\n<div class=\"art-content-layout layout-item-0\">\n<div class=\"art-content-layout-row\">\n<div class=\"art-layout-cell layout-item-0\" style=\"width: 50%;\">\n<p><strong><span style=\"font-size: 16px;\"><span style=\"font-size: 16px;\"><br \/>\nHerzlich willkommen beim Yacht-Club Sautelersiel e.V.<br \/>\n<\/span><\/span><\/strong>Auszug aus der Vereinssatzung des YCS<\/p>\n<p>\u00a7 2 &#8211; Zweck des Vereins<\/p>\n<p>(1) Zweck des Vereins ist die F\u00f6rderung des Sports, im Besonderen des Wassersports. Zweck des Vereins ist die F\u00f6rderung der Jugendhilfe. Der Satzungszweck wird verwirklicht insbesondere durch:<br \/>\na) die Umsetzung sportlicher \u00dcbungen auf dem Gebiet des See- und Hochsee-Segelns<br \/>\nb) die theoretische und praktische Unterweisung in den Wassersport, insbesondere von Kindern und Jugendlichen<br \/>\nc) die Durchf\u00fchrung von sportlichen Wettk\u00e4mpfen und die Teilnahme an Regatten<br \/>\nd) die Errichtung und der Betrieb einer Sportanlage<\/p>\n<\/div>\n<div class=\"art-layout-cell\" style=\"width: 50%;\">\n<p><img loading=\"lazy\" decoding=\"async\" class=\"art-lightbox\" src=\"https:\/\/yachtclub-sautelersiel.de\/wp-content\/uploads\/2015\/09\/1gg.jpg\" alt=\"\" width=\"422\" height=\"317\" \/><\/p>\n<\/div>\n<\/div>\n<\/div>\n<div class=\"art-content-layout\">\n<div class=\"art-content-layout-row\">\n<div class=\"art-layout-cell\" style=\"width: 50%;\">\n<p><img loading=\"lazy\" decoding=\"async\" class=\"art-lightbox\" src=\"https:\/\/yachtclub-sautelersiel.de\/wp-content\/uploads\/2015\/09\/2g.jpg\" alt=\"\" width=\"422\" height=\"317\" \/><\/p>\n<\/div>\n<div class=\"art-layout-cell layout-item-0\">\n<p>e) die Betreuung der Sportangebote durch sachgem\u00e4\u00df ausgebildete \u00dcbungsleiterinnen und \u00dcbungsleiter.<br \/>\nDer Verein setzt sich dabei f\u00fcr eine umweltbewusste Wassersportaus\u00fcbung und den Erhalt der Naturlandschaft im heimischen Emsrevier und im ostfriesischen Wattenmeer ein.<br \/>\nf) die praktische begleitende Hilfe von Menschen mit Sozialisationsbedarf und deren Wiedereingliederung in die Gesellschaft<br \/>\ng) die Zusammenarbeit mit den f\u00fcr unter f) genannten Personen zust\u00e4ndigen staatlichen und privaten Institutionen<br \/>\n(2) Der Verein ist selbstlos t\u00e4tig; er verfolgt nicht in erster Linie eigenwirtschaftliche Zwecke.<br \/>\n(3) Mittel des Vereins d\u00fcrfen nur f\u00fcr die satzungsm\u00e4\u00dfigen Zwecke verwendet werden. Die Mitglieder erhalten keine Zuwendungen aus Mitteln des Vereins.<br \/>\n(4) Es darf keine Person durch Ausgaben, die dem Zweck der K\u00f6rperschaft fremd sind oder durch unverh\u00e4ltnism\u00e4\u00dfig hohe Verg\u00fctungen beg\u00fcnstigt werden.<\/p>\n<\/div>\n<\/div>\n<\/div>\n","protected":false},"excerpt":{"rendered":"<p>Steganlage in Winterruhe bis 20. April! Herzlich willkommen beim Yacht-Club Sautelersiel e.V. Auszug aus der Vereinssatzung des YCS \u00a7 2 &#8211; Zweck des Vereins (1) Zweck des Vereins ist die F\u00f6rderung des Sports, im Besonderen des Wassersports. Zweck des Vereins ist die F\u00f6rderung der Jugendhilfe. Der Satzungszweck wird verwirklicht insbesondere durch: a) die Umsetzung sportlicher [&hellip;]<\/p>\n","protected":false},"author":1,"featured_media":0,"parent":0,"menu_order":1,"comment_status":"closed","ping_status":"closed","template":"","meta":{"footnotes":""},"class_list":["post-305","page","type-page","status-publish","hentry"],"_links":{"self":[{"href":"https:\/\/yachtclub-sautelersiel.de\/index.php?rest_route=\/wp\/v2\/pages\/305","targetHints":{"allow":["GET"]}}],"collection":[{"href":"https:\/\/yachtclub-sautelersiel.de\/index.php?rest_route=\/wp\/v2\/pages"}],"about":[{"href":"https:\/\/yachtclub-sautelersiel.de\/index.php?rest_route=\/wp\/v2\/types\/page"}],"author":[{"embeddable":true,"href":"https:\/\/yachtclub-sautelersiel.de\/index.php?rest_route=\/wp\/v2\/users\/1"}],"replies":[{"embeddable":true,"href":"https:\/\/yachtclub-sautelersiel.de\/index.php?rest_route=%2Fwp%2Fv2%2Fcomments&post=305"}],"version-history":[{"count":33,"href":"https:\/\/yachtclub-sautelersiel.de\/index.php?rest_route=\/wp\/v2\/pages\/305\/revisions"}],"predecessor-version":[{"id":847,"href":"https:\/\/yachtclub-sautelersiel.de\/index.php?rest_route=\/wp\/v2\/pages\/305\/revisions\/847"}],"wp:attachment":[{"href":"https:\/\/yachtclub-sautelersiel.de\/index.php?rest_route=%2Fwp%2Fv2%2Fmedia&parent=305"}],"curies":[{"name":"wp","href":"https:\/\/api.w.org\/{rel}","templated":true}]}}