{"id":306,"date":"2015-09-29T09:02:25","date_gmt":"2015-09-29T07:02:25","guid":{"rendered":"http:\/\/yachtclub-sautelersiel.de\/?page_id=306"},"modified":"2025-04-03T18:26:29","modified_gmt":"2025-04-03T16:26:29","slug":"wind-wetter","status":"publish","type":"page","link":"https:\/\/yachtclub-sautelersiel.de\/?page_id=306","title":{"rendered":"Wind &#038; Wetter"},"content":{"rendered":"<h3>Wind &amp; Wetter<\/h3>\n<p><span style=\"text-decoration: underline;\"><a href=\"https:\/\/nabutideems.im-en.com\/livestream.html\" target=\"_blank\" rel=\"noopener\"><strong>Aktueller Blick auf die Ems<br \/>\n<\/strong><\/a><br \/>\n<\/span><\/p>\n<h4>Pegel<\/h4>\n<p style=\"padding-left: 20px;\">Aktueller Wasserstand in Sautelersiel<br \/>\n<span style=\"text-decoration: underline;\"><a href=\"https:\/\/www.pegelonline.wsv.de\/webservices\/zeitreihe\/visualisierung?ansicht=einzeln&amp;pegelnummer=3910020\" target=\"_blank\" rel=\"noopener\">Link zur WSV<\/a><\/span><\/p>\n<h4>Peilpl\u00e4ne online f\u00fcr unser Revier<\/h4>\n<p style=\"padding-left: 20px;\"><span style=\"text-decoration: underline;\"><a href=\"https:\/\/bscw.bund.de\/pub\/bscw.cgi\/d87422538\/plantabelle_gesamt_emden.pdf\" target=\"_blank\" rel=\"noopener\">Link zum WSA Ems-Nordsee<\/a><\/span><\/p>\n<h4>Tide<\/h4>\n<p style=\"padding-left: 20px;\">Hoch- und Niedrigwasserzeiten f\u00fcr 10 Tage in Sautelersiel<br \/>\n<a href=\"https:\/\/gezeiten.bsh.de\/terborg#download-gezeitentafel\"><span style=\"text-decoration: underline;\">Link zum BSH<\/span><\/a><\/p>\n<h4>Wasserstandsvorhersage<\/h4>\n<p style=\"padding-left: 20px;\">f\u00fcr das Gebiet der Ems<br \/>\n<span style=\"text-decoration: underline;\"><a href=\"https:\/\/wasserstand-nordsee.bsh.de\/emden_grosse_seeschleuse?zeitraum=woche\" target=\"_blank\" rel=\"noopener\">Link zum BSH<\/a><\/span><\/p>\n<h4>Hoch- und Niedrigwasser-Zeitunterschiede<\/h4>\n<p style=\"padding-left: 20px;\">f\u00fcr das Gebiet der Ems<br \/>\n<span style=\"text-decoration: underline;\"><a href=\"https:\/\/www.bsh.de\/DE\/DATEN\/Vorhersagen\/Gezeiten\/_Anlagen\/Downloads\/Flussplan_Ems.pdf?__blob=publicationFile&amp;v=8\" target=\"_blank\" rel=\"noopener\">Link zum BSH<\/a><\/span><\/p>\n<h4>Wetter<\/h4>\n<p style=\"padding-left: 20px;\">10-Tage-Vorhersage f\u00fcr Sautelersiel<br \/>\n<span style=\"text-decoration: underline;\"><a href=\"http:\/\/weather.openportguide.com\/cgi-bin\/weather.pl\/weather.png?var=meteogram&amp;nx=850&amp;ny=1150&amp;lat=53.285&amp;lon=7.4&amp;lang=de&amp;unit=metric&amp;label=SAUTELERSIEL\" target=\"_blank\" rel=\"noopener\">Link zu openportguide<\/a><\/span><\/p>\n","protected":false},"excerpt":{"rendered":"<p>Wind &amp; Wetter Aktueller Blick auf die Ems Pegel Aktueller Wasserstand in Sautelersiel Link zur WSV Peilpl\u00e4ne online f\u00fcr unser Revier Link zum WSA Ems-Nordsee Tide Hoch- und Niedrigwasserzeiten f\u00fcr 10 Tage in Sautelersiel Link zum BSH Wasserstandsvorhersage f\u00fcr das Gebiet der Ems Link zum BSH Hoch- und Niedrigwasser-Zeitunterschiede f\u00fcr das Gebiet der Ems Link [&hellip;]<\/p>\n","protected":false},"author":1,"featured_media":0,"parent":0,"menu_order":2,"comment_status":"closed","ping_status":"closed","template":"","meta":{"footnotes":""},"class_list":["post-306","page","type-page","status-publish","hentry"],"_links":{"self":[{"href":"https:\/\/yachtclub-sautelersiel.de\/index.php?rest_route=\/wp\/v2\/pages\/306","targetHints":{"allow":["GET"]}}],"collection":[{"href":"https:\/\/yachtclub-sautelersiel.de\/index.php?rest_route=\/wp\/v2\/pages"}],"about":[{"href":"https:\/\/yachtclub-sautelersiel.de\/index.php?rest_route=\/wp\/v2\/types\/page"}],"author":[{"embeddable":true,"href":"https:\/\/yachtclub-sautelersiel.de\/index.php?rest_route=\/wp\/v2\/users\/1"}],"replies":[{"embeddable":true,"href":"https:\/\/yachtclub-sautelersiel.de\/index.php?rest_route=%2Fwp%2Fv2%2Fcomments&post=306"}],"version-history":[{"count":25,"href":"https:\/\/yachtclub-sautelersiel.de\/index.php?rest_route=\/wp\/v2\/pages\/306\/revisions"}],"predecessor-version":[{"id":810,"href":"https:\/\/yachtclub-sautelersiel.de\/index.php?rest_route=\/wp\/v2\/pages\/306\/revisions\/810"}],"wp:attachment":[{"href":"https:\/\/yachtclub-sautelersiel.de\/index.php?rest_route=%2Fwp%2Fv2%2Fmedia&parent=306"}],"curies":[{"name":"wp","href":"https:\/\/api.w.org\/{rel}","templated":true}]}}