{"id":307,"date":"2015-09-29T09:02:26","date_gmt":"2015-09-29T07:02:26","guid":{"rendered":"http:\/\/yachtclub-sautelersiel.de\/?page_id=307"},"modified":"2021-12-09T14:24:13","modified_gmt":"2021-12-09T12:24:13","slug":"mitgliederbereich","status":"publish","type":"page","link":"https:\/\/yachtclub-sautelersiel.de\/?page_id=307","title":{"rendered":"Mitgliederbereich"},"content":{"rendered":"<div class=\"art-content-layout-wrapper layout-item-0\">\n<div class=\"art-content-layout\">\n<div class=\"art-content-layout-row\">\n<div class=\"art-layout-cell layout-item-1\" style=\"width: 50%;\">\n<h3>Mitgliederbereich<\/h3>\n<p>Dieser Bereich ist nur f\u00fcr Mitglieder zug\u00e4nglich. Ihr Passwort kann \u00fcber <a href=\"mailto:vorstand@yachtclub-sautelersiel.de\">vorstand@yachtclub-sautelersiel.de<\/a> beantragt werden.<\/p>\n<p>Bitte melden Sie sich bei den nachgeordneten Navigationspunkten mit Ihrem Passwort an.<\/p>\n<\/div>\n<div class=\"art-layout-cell layout-item-2\" style=\"width: 50%;\"><\/div>\n<\/div>\n<\/div>\n<\/div>\n","protected":false},"excerpt":{"rendered":"<p>Mitgliederbereich Dieser Bereich ist nur f\u00fcr Mitglieder zug\u00e4nglich. Ihr Passwort kann \u00fcber vorstand@yachtclub-sautelersiel.de beantragt werden. Bitte melden Sie sich bei den nachgeordneten Navigationspunkten mit Ihrem Passwort an.<\/p>\n","protected":false},"author":1,"featured_media":0,"parent":0,"menu_order":8,"comment_status":"closed","ping_status":"closed","template":"","meta":{"footnotes":""},"class_list":["post-307","page","type-page","status-publish","hentry"],"_links":{"self":[{"href":"https:\/\/yachtclub-sautelersiel.de\/index.php?rest_route=\/wp\/v2\/pages\/307","targetHints":{"allow":["GET"]}}],"collection":[{"href":"https:\/\/yachtclub-sautelersiel.de\/index.php?rest_route=\/wp\/v2\/pages"}],"about":[{"href":"https:\/\/yachtclub-sautelersiel.de\/index.php?rest_route=\/wp\/v2\/types\/page"}],"author":[{"embeddable":true,"href":"https:\/\/yachtclub-sautelersiel.de\/index.php?rest_route=\/wp\/v2\/users\/1"}],"replies":[{"embeddable":true,"href":"https:\/\/yachtclub-sautelersiel.de\/index.php?rest_route=%2Fwp%2Fv2%2Fcomments&post=307"}],"version-history":[{"count":7,"href":"https:\/\/yachtclub-sautelersiel.de\/index.php?rest_route=\/wp\/v2\/pages\/307\/revisions"}],"predecessor-version":[{"id":733,"href":"https:\/\/yachtclub-sautelersiel.de\/index.php?rest_route=\/wp\/v2\/pages\/307\/revisions\/733"}],"wp:attachment":[{"href":"https:\/\/yachtclub-sautelersiel.de\/index.php?rest_route=%2Fwp%2Fv2%2Fmedia&parent=307"}],"curies":[{"name":"wp","href":"https:\/\/api.w.org\/{rel}","templated":true}]}}