{"id":309,"date":"2015-09-29T09:02:28","date_gmt":"2015-09-29T07:02:28","guid":{"rendered":"http:\/\/yachtclub-sautelersiel.de\/?page_id=309"},"modified":"2022-11-09T18:06:50","modified_gmt":"2022-11-09T16:06:50","slug":"impressum","status":"publish","type":"page","link":"https:\/\/yachtclub-sautelersiel.de\/?page_id=309","title":{"rendered":"Impressum \/ Datenschutz"},"content":{"rendered":"<div class=\"art-content-layout layout-item-0\">\n<div class=\"art-content-layout-row\">\n<div class=\"art-layout-cell layout-item-1\" style=\"width: 100%;\">\n<h3>Impressum:<\/h3>\n<p><span style=\"font-weight: bold;\">Angaben gem\u00e4\u00df \u00a7 5 TMG:<\/span><br \/>\nYacht-Club Sautelersiel e. V.<br \/>\n-Gesch\u00e4ftsstelle-<br \/>\nWiesenstra\u00dfe 13<br \/>\n26802 Moormerland<\/p>\n<p><span style=\"font-weight: bold;\">Vertreten durch:<\/span><br \/>\n1. Vorsitzender Herr Hermann Poppen<br \/>\n2. Vorsitzender Herr Peter Schwabe<br \/>\nKassenwart Herr Dieter Lohrengel<\/p>\n<p><span style=\"font-weight: bold;\">Kontakt:<\/span><br \/>\nTelefon: +49 (0) 151 2874 8642<br \/>\nE-Mail: <a href=\"mailto:vorstand@yachtclub-sautelersiel.de\">vorstand@yachtclub-sautelersiel.de<\/a><\/p>\n<p><strong>Registereintrag:<br \/>\n<\/strong>Eintragung im Vereinsregister.<br \/>\nRegistergericht: Amtsgericht Aurich<br \/>\nRegisternummer: VerR 200566<\/p>\n<p><strong>Verantwortlich f\u00fcr den Inhalt nach \u00a7 55 Abs. 2 RStV:<br \/>\n<\/strong>Hermann Poppen<br \/>\nc\/o Gesch\u00e4ftsstelle des YCS<br \/>\nWiesenstra\u00dfe 13<br \/>\n26802 Moormerland<br \/>\nTelefon: +49 (0) 151 2874 8642<br \/>\nE-Mail: <a href=\"mailto:vorstand@yachtclub-sautelersiel.de\">vorstand@yachtclub-sautelersiel.de<\/a><\/p>\n<p><span style=\"font-size: 11px;\">Quelle: http:\/\/www.e-recht24.de<br \/>\n<\/span><\/p>\n<h3>Haftungsausschluss (Disclaimer):<\/h3>\n<p><strong>Haftung f\u00fcr Inhalte<br \/>\n<\/strong>Als Diensteanbieter sind wir gem\u00e4\u00df \u00a7 7 Abs.1 TMG f\u00fcr eigene Inhalte auf diesen Seiten nach den allgemeinen Gesetzen verantwortlich. Nach \u00a7\u00a7 8 bis 10 TMG sind wir als Diensteanbieter jedoch nicht verpflichtet, \u00fcbermittelte oder gespeicherte fremde Informationen zu \u00fcberwachen oder nach Umst\u00e4nden zu forschen, die auf eine rechtswidrige T\u00e4tigkeit hinweisen. Verpflichtungen zur Entfernung oder Sperrung der Nutzung von Informationen nach den allgemeinen Gesetzen bleiben hiervon unber\u00fchrt. Eine diesbez\u00fcgliche Haftung ist jedoch erst ab dem Zeitpunkt der Kenntnis einer konkreten Rechtsverletzung m\u00f6glich. Bei Bekanntwerden von entsprechenden Rechtsverletzungen werden wir diese Inhalte umgehend entfernen.<\/p>\n<p><strong>Haftung f\u00fcr Links<br \/>\n<\/strong>Unser Angebot enth\u00e4lt Links zu externen Webseiten Dritter, auf deren Inhalte wir keinen Einfluss haben. Deshalb k\u00f6nnen wir f\u00fcr diese fremden Inhalte auch keine Gew\u00e4hr \u00fcbernehmen. F\u00fcr die Inhalte der verlinkten Seiten ist stets der jeweilige Anbieter oder Betreiber der Seiten verantwortlich. Die verlinkten Seiten wurden zum Zeitpunkt der Verlinkung auf m\u00f6gliche Rechtsverst\u00f6\u00dfe \u00fcberpr\u00fcft. Rechtswidrige Inhalte waren zum Zeitpunkt der Verlinkung nicht erkennbar. Eine permanente inhaltliche Kontrolle der verlinkten Seiten ist jedoch ohne konkrete Anhaltspunkte einer Rechtsverletzung nicht zumutbar. Bei Bekanntwerden von Rechtsverletzungen werden wir derartige Links umgehend entfernen.<\/p>\n<p><strong>Urheberrecht<br \/>\n<\/strong>Die durch die Seitenbetreiber erstellten Inhalte und Werke auf diesen Seiten unterliegen dem deutschen Urheberrecht. Die Vervielf\u00e4ltigung, Bearbeitung, Verbreitung und jede Art der Verwertung au\u00dferhalb der Grenzen des Urheberrechtes bed\u00fcrfen der schriftlichen Zustimmung des jeweiligen Autors bzw. Erstellers. Downloads und Kopien dieser Seite sind nur f\u00fcr den privaten, nicht kommerziellen Gebrauch gestattet. Soweit die Inhalte auf dieser Seite nicht vom Betreiber erstellt wurden, werden die Urheberrechte Dritter beachtet. Insbesondere werden Inhalte Dritter als solche gekennzeichnet. Sollten Sie trotzdem auf eine Urheberrechtsverletzung aufmerksam werden, bitten wir um einen entsprechenden Hinweis. Bei Bekanntwerden von Rechtsverletzungen werden wir derartige Inhalte umgehend entfernen.<\/p>\n<h3>Bildinhalte:<\/h3>\n<p>S\u00e4mtliche Fotos wurden mit der Genehmigung der fotografierten Personen und\/oder einer Genehmigung der zust\u00e4ndigen Stellen f\u00fcr die Ver\u00f6ffentlichung der jeweiligen Geb\u00e4ude\/Gegenst\u00e4nde erstellt.<\/p>\n<h3>Datenschutzerkl\u00e4rung:<\/h3>\n<p>Angaben gem\u00e4\u00df \u00a713 TMG<br \/>\nKontaktm\u00f6glichkeit bei Fragen und Problemen: vorstand@yachtclub-sautelersiel.de<\/p>\n<p><strong>Allgemeine Hinweise<\/strong><br \/>\nDie Nutzung unserer Website ist in der Regel ohne Angabe personenbezogener Daten m\u00f6glich. \u2013 Wir weisen darauf hin, dass die Daten\u00fcbertragung im Internet (z.\u00a0B. bei der Kommunikation per E-Mail) Sicherheitsl\u00fccken aufweisen kann. Ein l\u00fcckenloser Schutz der Daten vor dem Zugriff durch Dritte ist nicht m\u00f6glich.<\/p>\n<p>Der Nutzung von im Rahmen der Impressumspflicht ver\u00f6ffentlichten Kontaktdaten durch Dritte, zur \u00dcbersendung von nicht angeforderter Werbung und Informationsmaterialien, wird hiermit ausdr\u00fccklich widersprochen. Bei unerw\u00fcnschter Zusendung von Werbung oder Spam-Mails behalten wir uns den Einsatz rechtlicher Schritte vor.<\/p>\n<p><strong>Cookies<br \/>\n<\/strong>Diese Website verwendet Cookies, kleine Textdateien, die auf Ihrem Endger\u00e4t gespeichert werden, sodass Ihr Browser auf diese Dateien zugreifen kann. Dadurch erh\u00f6hen sich Benutzerfreundlichkeit und die Sicherheit dieser Website. Gegen\u00fcber dem Yacht-Club Sautelersiel e.\u00a0V. erfolgt die Nutzung der Website v\u00f6llig anonym.<\/p>\n<p>Die meisten der von uns verwendeten Cookies sind sogenannte \u00b4Session-Cookies\u00b4. Sie werden nach Ende Ihres Besuchs automatisch gel\u00f6scht. Andere Cookies bleiben auf Ihrem Endger\u00e4t gespeichert, bis Sie diese l\u00f6schen. Sie k\u00f6nnen Ihren Browser so einstellen, dass Sie \u00fcber das Setzen von Cookies informiert werden und Cookies nur im Einzelfall erlauben. Durch Deaktivierung von Cookies kann die Funktionalit\u00e4t dieser Website eingeschr\u00e4nkt sein.<\/p>\n<p><strong>Zugriffsdaten<br \/>\n<\/strong>Der Websitebetreiber bzw. Serverbetreiber (all-inkl.com) erhebt Daten \u00fcber Zugriffe auf die Seite und speichert diese als \u201aServer-Logfiles\u2018 ab. Folgende Daten werden so protokolliert:<\/p>\n<ul>\n<li>Besuchte Website und Zeitpunkt des Zugriffes<\/li>\n<li>Menge der gesendeten Daten in Byte<\/li>\n<li>Quelle\/Verweis, von welchem Sie auf die Seite gelangten<\/li>\n<li>Verwendeter Browser<\/li>\n<li>Verwendetes Betriebssystem und IP-Adresse<\/li>\n<\/ul>\n<p>Erhobene Daten dienen ausschlie\u00dflich der Problemanalyse im Fehlerfall und werden nach 7 Tagen gel\u00f6scht.<\/p>\n<p>Der Betreiber beh\u00e4lt sich vor, Server-Logfiles nachtr\u00e4glich zu pr\u00fcfen, sollten konkrete Anhaltspunkte auf eine rechtswidrige Nutzung hinweisen.<\/p>\n<p><strong>SSL-Verschl\u00fcsselung<br \/>\n<\/strong>Diese Website nutzt keine SSL-Verschl\u00fcsselung. Eine verschl\u00fcsselte Verbindung erkennen Sie daran, dass die Adresszeile des Browsers von \u201ehttp:\/\/\u201c auf \u201ehttps:\/\/\u201c wechselt und an dem Schloss-Symbol in Ihrer Browserzeile.<\/p>\n<p><strong>Umgang mit Kontaktdaten<br \/>\n<\/strong>Nehmen Sie mit uns durch die angebotenen Kontaktm\u00f6glichkeiten Verbindung auf, werden Ihre Angaben gespeichert, um auf diese zur Beantwortung oder Bearbeitung Ihrer Anfrage zur\u00fcck greifen zu k\u00f6nnen. Ohne Ihre Einwilligung werden diese Daten nicht an Dritte weitergegeben.<\/p>\n<p><strong>Auskunft, Berichtigung und L\u00f6schung<\/strong><br \/>\nSie haben jederzeit das Recht auf unentgeltliche Auskunft \u00fcber Ihre gespeicherten personenbezogenen Daten, deren Herkunft und den Zweck der Datenverarbeitung sowie ein Recht auf Berichtigung, Sperrung oder L\u00f6schung dieser Daten. Hierzu sowie zu weiteren Fragen zum Thema personenbezogener Daten k\u00f6nnen Sie sich jederzeit unter der im Impressum angegebenen Adresse an uns wenden.<br \/>\n<strong>Widerspruch Werbe-Mails<br \/>\n<\/strong>Der Nutzung von im Rahmen der Impressumspflicht ver\u00f6ffentlichten Kontaktdaten zur \u00dcbersendung von nicht ausdr\u00fccklich angeforderter Werbung und Informationsmaterialien wird hiermit widersprochen. Die Betreiber der Seiten behalten sich ausdr\u00fccklich rechtliche Schritte im Falle der unverlangten Zusendung von Werbeinformationen, etwa durch Spam-E-Mails, vor.<br \/>\n<span style=\"font-size: 11px;\">Quellverweis Datenschutz: <a href=\"https:\/\/www.e-recht24.de\">https:\/\/www.e-recht24.de<\/a><\/span><\/p>\n<\/div>\n<\/div>\n<\/div>\n","protected":false},"excerpt":{"rendered":"<p>Impressum: Angaben gem\u00e4\u00df \u00a7 5 TMG: Yacht-Club Sautelersiel e. V. -Gesch\u00e4ftsstelle- Wiesenstra\u00dfe 13 26802 Moormerland Vertreten durch: 1. Vorsitzender Herr Hermann Poppen 2. Vorsitzender Herr Peter Schwabe Kassenwart Herr Dieter Lohrengel Kontakt: Telefon: +49 (0) 151 2874 8642 E-Mail: vorstand@yachtclub-sautelersiel.de Registereintrag: Eintragung im Vereinsregister. Registergericht: Amtsgericht Aurich Registernummer: VerR 200566 Verantwortlich f\u00fcr den Inhalt nach [&hellip;]<\/p>\n","protected":false},"author":1,"featured_media":0,"parent":0,"menu_order":9,"comment_status":"closed","ping_status":"closed","template":"","meta":{"footnotes":""},"class_list":["post-309","page","type-page","status-publish","hentry"],"_links":{"self":[{"href":"https:\/\/yachtclub-sautelersiel.de\/index.php?rest_route=\/wp\/v2\/pages\/309","targetHints":{"allow":["GET"]}}],"collection":[{"href":"https:\/\/yachtclub-sautelersiel.de\/index.php?rest_route=\/wp\/v2\/pages"}],"about":[{"href":"https:\/\/yachtclub-sautelersiel.de\/index.php?rest_route=\/wp\/v2\/types\/page"}],"author":[{"embeddable":true,"href":"https:\/\/yachtclub-sautelersiel.de\/index.php?rest_route=\/wp\/v2\/users\/1"}],"replies":[{"embeddable":true,"href":"https:\/\/yachtclub-sautelersiel.de\/index.php?rest_route=%2Fwp%2Fv2%2Fcomments&post=309"}],"version-history":[{"count":19,"href":"https:\/\/yachtclub-sautelersiel.de\/index.php?rest_route=\/wp\/v2\/pages\/309\/revisions"}],"predecessor-version":[{"id":754,"href":"https:\/\/yachtclub-sautelersiel.de\/index.php?rest_route=\/wp\/v2\/pages\/309\/revisions\/754"}],"wp:attachment":[{"href":"https:\/\/yachtclub-sautelersiel.de\/index.php?rest_route=%2Fwp%2Fv2%2Fmedia&parent=309"}],"curies":[{"name":"wp","href":"https:\/\/api.w.org\/{rel}","templated":true}]}}